{"id":4821,"date":"2020-04-24T09:36:35","date_gmt":"2020-04-24T07:36:35","guid":{"rendered":"https:\/\/bullesbygundula.com\/?page_id=4821"},"modified":"2020-04-24T09:42:14","modified_gmt":"2020-04-24T07:42:14","slug":"mentions-legales","status":"publish","type":"page","link":"https:\/\/bullesbygundula.com\/en\/mentions-legales\/","title":{"rendered":"Mentions l\u00e9gales"},"content":{"rendered":"[vc_row][vc_column][layerslider_vc id=&#8221;8&#8243;][\/vc_column][\/vc_row][vc_row][vc_column width=&#8221;2\/3&#8243;]<div class=\"max-title4\"><h2>Mentions l\u00e9gales<\/h2><\/div><hr class=\"vertical-space1\">[vc_column_text]<span style=\"font-size: small;\">Bulles de bonheur<\/span><br \/>\n<span style=\"font-size: small;\">Contact : Gundula WELTI<\/span><br \/>\n<span style=\"font-size: small;\">Adresse : 3, rue Simone Weil &#8211; 77600 Bussy Saint Georges<\/span><br \/>\n<span style=\"font-size: small;\">T\u00e9l. 06 11 45 05 68 <\/span><br \/>\n<span style=\"font-size: small;\">Email : <a href=\"http:\/\/gundula@gundulawelti.com\">gundula@gundulawelti.com<\/a><br \/>\nSite : <a href=\"https:\/\/bullesbygundula.com\" target=\"_blank\" rel=\"noopener\">www.bullesbygundula.com<\/a><br \/>\n<\/span><span style=\"font-size: small;\">SARL au capital de 10 000 euros<br \/>\nSIRET\u00a079168129900016 &#8211; RCS Meaux\u00a0791 681 299<\/span><br \/>\n<span style=\"font-size: small;\">H\u00e9bergement chez 1&amp;1<br \/>\nD\u00e9veloppement\/Design\/<wbr \/>Conception : <a href=\"http:\/\/delattreetdudesign.com\/\">Delattre et du design<\/a><br \/>\nCr\u00e9dits Photos : Gundula Welti<\/span><\/p>\n<p>Donn\u00e9es personnelles \u2013 vie priv\u00e9e<br \/>\nEn conformit\u00e9 avec les dispositions de la loi du 6 janvier 1978 relative \u00e0 l\u2019informatique,<br \/>\naux fichiers et aux libert\u00e9s, vous disposez d\u2019un droit d\u2019acc\u00e8s et de rectification portant<br \/>\nsur les donn\u00e9es vous concernant en \u00e9crivant au si\u00e8ge social.[\/vc_column_text][\/vc_column][vc_column width=&#8221;1\/3&#8243;][vc_widget_sidebar sidebar_id=&#8221;right-sidebar&#8221;][\/vc_column][\/vc_row]\n","protected":false},"excerpt":{"rendered":"<p>[vc_row][vc_column][layerslider_vc id=&#8221;8&#8243;][\/vc_column][\/vc_row][vc_row][vc_column width=&#8221;2\/3&#8243;][vc_column_text]Bulles de bonheur Contact : Gundula WELTI Adresse : 3, rue Simone Weil &#8211; 77600 Bussy Saint Georges T\u00e9l. 06 11 45 05 68 Email : gundula@gundulawelti.com Site : www.bullesbygundula.com SARL au capital de 10 000 euros SIRET\u00a079168129900016 &#8211; RCS Meaux\u00a0791 681 299 H\u00e9bergement chez 1&amp;1 D\u00e9veloppement\/Design\/Conception : Delattre et du design Cr\u00e9dits Photos : Gundula Welti Donn\u00e9es personnelles \u2013 vie priv\u00e9e En conformit\u00e9 avec les dispositions de la loi du 6 janvier 1978 relative \u00e0 l\u2019informatique, aux fichiers et aux libert\u00e9s, vous disposez d\u2019un droit d\u2019acc\u00e8s et de rectification portant sur les donn\u00e9es vous concernant en \u00e9crivant au si\u00e8ge social.[\/vc_column_text][\/vc_column][vc_column width=&#8221;1\/3&#8243;][vc_widget_sidebar sidebar_id=&#8221;right-sidebar&#8221;][\/vc_column][\/vc_row]<\/p>\n","protected":false},"author":1,"featured_media":0,"parent":0,"menu_order":8,"comment_status":"closed","ping_status":"closed","template":"","meta":[],"yoast_head":"<!-- This site is optimized with the Yoast SEO plugin v16.5 - https:\/\/yoast.com\/wordpress\/plugins\/seo\/ -->\n<meta name=\"robots\" content=\"index, follow, max-snippet:-1, max-image-preview:large, max-video-preview:-1\" \/>\n<link rel=\"canonical\" href=\"https:\/\/bullesbygundula.com\/en\/mentions-legales\/\" \/>\n<meta property=\"og:locale\" content=\"en_US\" \/>\n<meta property=\"og:type\" content=\"article\" \/>\n<meta property=\"og:title\" content=\"Mentions l\u00e9gales - Bulles de bonheur\" \/>\n<meta property=\"og:description\" content=\"[vc_row][vc_column][layerslider_vc id=&#8221;8&#8243;][\/vc_column][\/vc_row][vc_row][vc_column width=&#8221;2\/3&#8243;][vc_column_text]Bulles de bonheur Contact : Gundula WELTI Adresse : 3, rue Simone Weil &#8211; 77600 Bussy Saint Georges T\u00e9l. 06 11 45 05 68 Email : gundula@gundulawelti.com Site : www.bullesbygundula.com SARL au capital de 10 000 euros SIRET\u00a079168129900016 &#8211; RCS Meaux\u00a0791 681 299 H\u00e9bergement chez 1&amp;1 D\u00e9veloppement\/Design\/Conception : Delattre et du design Cr\u00e9dits Photos : Gundula Welti Donn\u00e9es personnelles \u2013 vie priv\u00e9e En conformit\u00e9 avec les dispositions de la loi du 6 janvier 1978 relative \u00e0 l\u2019informatique, aux fichiers et aux libert\u00e9s, vous disposez d\u2019un droit d\u2019acc\u00e8s et de rectification portant sur les donn\u00e9es vous concernant en \u00e9crivant au si\u00e8ge social.[\/vc_column_text][\/vc_column][vc_column width=&#8221;1\/3&#8243;][vc_widget_sidebar sidebar_id=&#8221;right-sidebar&#8221;][\/vc_column][\/vc_row]\" \/>\n<meta property=\"og:url\" content=\"https:\/\/bullesbygundula.com\/en\/mentions-legales\/\" \/>\n<meta property=\"og:site_name\" content=\"Bulles de bonheur\" \/>\n<meta property=\"article:modified_time\" content=\"2020-04-24T07:42:14+00:00\" \/>\n<meta name=\"twitter:card\" content=\"summary_large_image\" \/>\n<meta name=\"twitter:label1\" content=\"Est. reading time\" \/>\n\t<meta name=\"twitter:data1\" content=\"1 minute\" \/>\n<script type=\"application\/ld+json\" class=\"yoast-schema-graph\">{\"@context\":\"https:\/\/schema.org\",\"@graph\":[{\"@type\":\"WebSite\",\"@id\":\"https:\/\/bullesbygundula.com\/#website\",\"url\":\"https:\/\/bullesbygundula.com\/\",\"name\":\"Bulles de bonheur\",\"description\":\"by Gundula\",\"potentialAction\":[{\"@type\":\"SearchAction\",\"target\":\"https:\/\/bullesbygundula.com\/?s={search_term_string}\",\"query-input\":\"required name=search_term_string\"}],\"inLanguage\":\"en-US\"},{\"@type\":\"WebPage\",\"@id\":\"https:\/\/bullesbygundula.com\/en\/mentions-legales\/#webpage\",\"url\":\"https:\/\/bullesbygundula.com\/en\/mentions-legales\/\",\"name\":\"Mentions l\\u00e9gales - Bulles de bonheur\",\"isPartOf\":{\"@id\":\"https:\/\/bullesbygundula.com\/#website\"},\"datePublished\":\"2020-04-24T07:36:35+00:00\",\"dateModified\":\"2020-04-24T07:42:14+00:00\",\"breadcrumb\":{\"@id\":\"https:\/\/bullesbygundula.com\/en\/mentions-legales\/#breadcrumb\"},\"inLanguage\":\"en-US\",\"potentialAction\":[{\"@type\":\"ReadAction\",\"target\":[\"https:\/\/bullesbygundula.com\/en\/mentions-legales\/\"]}]},{\"@type\":\"BreadcrumbList\",\"@id\":\"https:\/\/bullesbygundula.com\/en\/mentions-legales\/#breadcrumb\",\"itemListElement\":[{\"@type\":\"ListItem\",\"position\":1,\"name\":\"Accueil\",\"item\":\"https:\/\/bullesbygundula.com\/en\/\"},{\"@type\":\"ListItem\",\"position\":2,\"name\":\"Mentions l\\u00e9gales\"}]}]}<\/script>\n<!-- \/ Yoast SEO plugin. -->","_links":{"self":[{"href":"https:\/\/bullesbygundula.com\/en\/wp-json\/wp\/v2\/pages\/4821"}],"collection":[{"href":"https:\/\/bullesbygundula.com\/en\/wp-json\/wp\/v2\/pages"}],"about":[{"href":"https:\/\/bullesbygundula.com\/en\/wp-json\/wp\/v2\/types\/page"}],"author":[{"embeddable":true,"href":"https:\/\/bullesbygundula.com\/en\/wp-json\/wp\/v2\/users\/1"}],"replies":[{"embeddable":true,"href":"https:\/\/bullesbygundula.com\/en\/wp-json\/wp\/v2\/comments?post=4821"}],"version-history":[{"count":0,"href":"https:\/\/bullesbygundula.com\/en\/wp-json\/wp\/v2\/pages\/4821\/revisions"}],"wp:attachment":[{"href":"https:\/\/bullesbygundula.com\/en\/wp-json\/wp\/v2\/media?parent=4821"}],"curies":[{"name":"wp","href":"https:\/\/api.w.org\/{rel}","templated":true}]}}